{"id":33,"date":"2015-04-08T18:39:18","date_gmt":"2015-04-08T16:39:18","guid":{"rendered":"http:\/\/elsmanleadsoft.eu\/get-in-touch\/"},"modified":"2022-05-13T12:20:53","modified_gmt":"2022-05-13T10:20:53","slug":"kontakt","status":"publish","type":"page","link":"http:\/\/elsmanleadsoft.eu\/de\/kontakt\/","title":{"rendered":"Kontakt"},"content":{"rendered":"<div id=\"cs-content\" class=\"cs-content\"><div id=\"x-section-1\"  class=\"x-section cs-ta-center dark-section bg-pattern\"  style=\"margin: 35px 0px 0px;padding: 100px 0px; background-image: url(http:\/\/elsmanleadsoft.eu\/wp-content\/uploads\/bg-pattern.png); background-color: #02aed6;\"   data-x-element=\"section\" data-x-params=\"{&quot;type&quot;:&quot;pattern&quot;,&quot;parallax&quot;:false}\"><div  class=\"x-container max width\"  style=\"margin: 0px auto;padding: 0px;\"   ><div  class=\"x-column x-sm x-1-1\" style=\"padding: 0px;\" ><h1  class=\"h-custom-headline man h2\" ><span>M\u00f6chten Sie gern wissen, was wir f\u00fcr Sie tun k\u00f6nnen? Bitte kontaktieren Sie uns f\u00fcr ein unverbindliches Gespr\u00e4ch.<\/span><\/h1><\/div><\/div><\/div><div id=\"x-section-2\"  class=\"x-section\"  style=\"margin: 0px;padding: 100px 0px; background-color: transparent;\"   ><div  class=\"x-container max width\"  style=\"margin: 0px auto;padding: 0px;\"   ><div  class=\"x-column x-sm x-1-2\" style=\"padding: 0px;\" ><hr  class=\"x-gap cs-hide-xl cs-hide-lg cs-hide-md\" style=\"margin: 50px 0 0 0;\"><img  class=\"x-img x-img-none\"  src=\"http:\/\/elsmanleadsoft.eu\/wp-content\/uploads\/foto-voor-nieuwsitem-presentatie-900x600.png\" ><\/div><div  class=\"x-column x-sm x-1-2\" style=\"padding: 0px;\" ><h2  class=\"h-custom-headline man h3\" ><span>Anschrift<\/span><\/h2><div  class=\"x-raw-content mts\" >Prof. Lorentzweg 8-d<br \/>\n5144 NP Waalwijk<br \/> Niederlande<\/div><hr  class=\"x-gap\" style=\"margin: 50px 0 0 0;\"><h2  class=\"h-custom-headline man h3\" ><span>Telefon<\/span><\/h2><div  class=\"x-raw-content mts\" >+31 (0)416 724 385<\/div><hr  class=\"x-gap\" style=\"margin: 50px 0 0 0;\"><h2  class=\"h-custom-headline man h3\" ><span>E-mail<\/span><\/h2><div  class=\"x-raw-content mts\" >info@elsman.eu<\/div><\/div><\/div><\/div><div id=\"x-section-3\"  class=\"x-section\"  style=\"margin: 0px;padding: 0px; background-color: transparent;\"   ><div  class=\"x-container\"  style=\"margin: 0px auto;padding: 0px;\"   ><div  class=\"x-column x-sm x-1-1\" style=\"padding: 0px;\" ><div  class=\"x-map embed\" ><div class=\"x-map-inner\"><iframe src=\"https:\/\/www.google.com\/maps\/embed?pb=!1m18!1m12!1m3!1d2474.210924825552!2d5.053191915929633!3d51.67428210630825!2m3!1f0!2f0!3f0!3m2!1i1024!2i768!4f13.1!3m3!1m2!1s0x47c691593a513b9b%3A0xcda5fc4056dc1d9f!2sProfessor%20Lorentzweg%208%2C%205144%20NP%20Waalwijk!5e0!3m2!1snl!2snl!4v1652435561301!5m2!1snl!2snl\" width=\"600\" height=\"450\" style=\"border:0;\" allowfullscreen=\"\" loading=\"lazy\" referrerpolicy=\"no-referrer-when-downgrade\"><\/iframe><\/div><\/div><\/div><\/div><\/div><\/div>\n","protected":false},"excerpt":{"rendered":"","protected":false},"author":3,"featured_media":0,"parent":0,"menu_order":0,"comment_status":"closed","ping_status":"closed","template":"template-blank-4.php","meta":[],"_links":{"self":[{"href":"http:\/\/elsmanleadsoft.eu\/de\/wp-json\/wp\/v2\/pages\/33"}],"collection":[{"href":"http:\/\/elsmanleadsoft.eu\/de\/wp-json\/wp\/v2\/pages"}],"about":[{"href":"http:\/\/elsmanleadsoft.eu\/de\/wp-json\/wp\/v2\/types\/page"}],"author":[{"embeddable":true,"href":"http:\/\/elsmanleadsoft.eu\/de\/wp-json\/wp\/v2\/users\/3"}],"replies":[{"embeddable":true,"href":"http:\/\/elsmanleadsoft.eu\/de\/wp-json\/wp\/v2\/comments?post=33"}],"version-history":[{"count":5,"href":"http:\/\/elsmanleadsoft.eu\/de\/wp-json\/wp\/v2\/pages\/33\/revisions"}],"predecessor-version":[{"id":449,"href":"http:\/\/elsmanleadsoft.eu\/de\/wp-json\/wp\/v2\/pages\/33\/revisions\/449"}],"wp:attachment":[{"href":"http:\/\/elsmanleadsoft.eu\/de\/wp-json\/wp\/v2\/media?parent=33"}],"curies":[{"name":"wp","href":"https:\/\/api.w.org\/{rel}","templated":true}]}}