{"id":49,"date":"2015-04-08T18:39:04","date_gmt":"2015-04-08T16:39:04","guid":{"rendered":"http:\/\/elsmanleadsoft.eu\/home\/"},"modified":"2022-05-13T12:22:16","modified_gmt":"2022-05-13T10:22:16","slug":"home","status":"publish","type":"page","link":"http:\/\/elsmanleadsoft.eu\/de\/","title":{"rendered":"Home"},"content":{"rendered":"<div id=\"cs-content\" class=\"cs-content\"><div id=\"x-section-1\"  class=\"x-section bg-pattern parallax\"  style=\"margin: 35px 0px 0px;padding: 0px; background-image: url(http:\/\/elsmanleadsoft.eu\/wp-content\/uploads\/bg-pattern.png); background-color: #02aed6;\"   data-x-element=\"section\" data-x-params=\"{&quot;type&quot;:&quot;pattern&quot;,&quot;parallax&quot;:true}\"><div  class=\"x-container\"  style=\"margin: 0px auto;padding: 0px;\"   ><div  class=\"x-column x-sm cs-ta-center x-1-1\" style=\"padding: 0px;\" ><h2  class=\"h-custom-headline cs-ta-center h3\" style=\"color: hsl(0, 0%, 100%);\"><span>Klare Empfehlungen und schlaue L\u00f6sungen<br \/> f\u00fcr den Gartenbau in Gew\u00e4chsh\u00e4usern<\/span><\/h2><div  class=\"x-columnize\" ><\/div><a  class=\"x-btn x-btn-real x-btn-rounded x-btn-large\"  href=\"http:\/\/elsmanleadsoft.eu\/de\/uber-uns\/\" title=\"Mehr \u00fcber uns\"    data-options=\"thumbnail: ''\">Mehr \u00fcber uns<\/a><div  class=\"x-columnize\" ><\/div><\/div><\/div><\/div><div id=\"x-section-2\"  class=\"x-section cs-ta-center dark-section bg-image parallax\"  style=\"margin: 0px;padding: 100px 0px; background-image: url(http:\/\/elsmanleadsoft.eu\/wp-content\/uploads\/Chrysanten-in-kas-origineel.jpg); background-color: #26292c;\"   data-x-element=\"section\" data-x-params=\"{&quot;type&quot;:&quot;image&quot;,&quot;parallax&quot;:true}\"><div  class=\"x-container max width\"  style=\"margin: 0px auto;padding: 0px;\"   ><div  class=\"x-column x-sm x-1-1\" style=\"padding: 0px;\" ><h2  class=\"h-custom-headline man h2\" ><span>Unsere Kompetenzen<\/span><\/h2><\/div><\/div><div  class=\"x-container max width\"  style=\"margin: 50px auto;padding: 0px;\"   ><div  class=\"x-column x-sm x-1-4\" style=\"padding: 0px;\" ><div  class=\"x-feature-box mvn center-text top-text cf\" style=\" max-width: 250px;\" data-x-element=\"feature_box\" data-x-params=\"{&quot;child&quot;:false,&quot;graphicAnimation&quot;:&quot;flipInX&quot;,&quot;graphicAnimationOffset&quot;:&quot;65&quot;,&quot;graphicAnimationDelay&quot;:&quot;0&quot;}\"><div class=\"x-feature-box-graphic circle\"><div class=\"x-feature-box-graphic-outer circle animated-hide\" style=\"\"><div class=\"x-feature-box-graphic-inner circle\" style=\"font-size: 230px;\"><i class=\"x-icon-line-chart circle\" data-x-icon=\"&#xf201;\" style=\"margin: 0 auto; border-width: 4px 4px 4px 4px; border-style: solid; border-color: ; color: #02aed6; background-color: transparent;\"><\/i><\/div><\/div><\/div><div class=\"x-feature-box-content\"><h4 class=\"x-feature-box-title\">Beratung<\/h4><p class=\"x-feature-box-text\"><\/p><\/div><\/div><hr  class=\"x-gap cs-hide-xl cs-hide-lg cs-hide-md\" style=\"margin: 50px 0 0 0;\"><\/div><div  class=\"x-column x-sm x-1-4\" style=\"padding: 0px;\" ><div  class=\"x-feature-box mvn center-text top-text cf\" style=\" max-width: 250px;\" data-x-element=\"feature_box\" data-x-params=\"{&quot;child&quot;:false,&quot;graphicAnimation&quot;:&quot;flipInX&quot;,&quot;graphicAnimationOffset&quot;:&quot;65&quot;,&quot;graphicAnimationDelay&quot;:&quot;500&quot;}\"><div class=\"x-feature-box-graphic circle\"><div class=\"x-feature-box-graphic-outer circle animated-hide\" style=\"\"><div class=\"x-feature-box-graphic-inner circle\" style=\"font-size: 230px;\"><i class=\"x-icon-comments circle\" data-x-icon=\"&#xf086;\" style=\"margin: 0 auto; border-width: 4px 4px 4px 4px; border-style: solid; border-color: ; color: #02aed6; background-color: transparent;\"><\/i><\/div><\/div><\/div><div class=\"x-feature-box-content\"><h4 class=\"x-feature-box-title\">Marketing<\/h4><p class=\"x-feature-box-text\"><\/p><\/div><\/div><hr  class=\"x-gap cs-hide-xl cs-hide-lg cs-hide-md\" style=\"margin: 50px 0 0 0;\"><\/div><div  class=\"x-column x-sm x-1-4\" style=\"padding: 0px;\" ><div  class=\"x-feature-box mvn center-text top-text cf\" style=\" max-width: 250px;\" data-x-element=\"feature_box\" data-x-params=\"{&quot;child&quot;:false,&quot;graphicAnimation&quot;:&quot;flipInX&quot;,&quot;graphicAnimationOffset&quot;:&quot;65&quot;,&quot;graphicAnimationDelay&quot;:&quot;1000&quot;}\"><div class=\"x-feature-box-graphic circle\"><div class=\"x-feature-box-graphic-outer circle animated-hide\" style=\"\"><div class=\"x-feature-box-graphic-inner circle\" style=\"font-size: 230px;\"><i class=\"x-icon-building circle\" data-x-icon=\"&#xf1ad;\" style=\"margin: 0 auto; border-width: 4px 4px 4px 4px; border-style: solid; border-color: ; color: #02aed6; background-color: transparent;\"><\/i><\/div><\/div><\/div><div class=\"x-feature-box-content\"><h4 class=\"x-feature-box-title\">Begleitung der Bauphase<\/h4><p class=\"x-feature-box-text\"><\/p><\/div><\/div><hr  class=\"x-gap cs-hide-xl cs-hide-lg cs-hide-md\" style=\"margin: 50px 0 0 0;\"><\/div><div  class=\"x-column x-sm x-1-4\" style=\"padding: 0px;\" ><div  class=\"x-feature-box mvn center-text top-text cf\" style=\" max-width: 250px;\" data-x-element=\"feature_box\" data-x-params=\"{&quot;child&quot;:false,&quot;graphicAnimation&quot;:&quot;flipInX&quot;,&quot;graphicAnimationOffset&quot;:&quot;65&quot;,&quot;graphicAnimationDelay&quot;:&quot;1500&quot;}\"><div class=\"x-feature-box-graphic circle\"><div class=\"x-feature-box-graphic-outer circle animated-hide\" style=\"\"><div class=\"x-feature-box-graphic-inner circle\" style=\"font-size: 230px;\"><i class=\"x-icon-laptop circle\" data-x-icon=\"&#xf109;\" style=\"margin: 0 auto; border-width: 4px 4px 4px 4px; border-style: solid; border-color: ; color: #02aed6; background-color: transparent;\"><\/i><\/div><\/div><\/div><div class=\"x-feature-box-content\"><h4 class=\"x-feature-box-title\">IT-Beratung<\/h4><p class=\"x-feature-box-text\"><\/p><\/div><\/div><\/div><\/div><div  class=\"x-container max width\"  style=\"margin: 0px auto;padding: 0px;\"   ><div  class=\"x-column x-sm x-1-1\" style=\"padding: 0px;\" ><a  class=\"x-btn x-btn-real x-btn-rounded x-btn-large\"  href=\"http:\/\/elsmanleadsoft.eu\/de\/kompetenzen\/\" title=\"Weitere Informationen\"    data-options=\"thumbnail: ''\">Weitere Informationen<\/a><\/div><\/div><\/div><div id=\"x-section-3\"  class=\"x-section\"  style=\"margin: 0px;padding: 100px 0px; background-color: transparent;\"   ><div  class=\"x-container max width\"  style=\"margin: 0px auto;padding: 0px;\"   ><div  class=\"x-column x-sm x-1-3\" style=\"padding: 0px;\" ><h2  class=\"h-custom-headline man h3\" ><span>Kundenbeispiele<\/span><\/h2><div  class=\"x-raw-content\" style=\"margin: 1.45em 0 1.95em;\"><p class=\"man\">Diese Seite enth\u00e4lt eine Reihe von Fallstudien, die Ihnen ein Bild von unseren T\u00e4tigkeiten und Kunden vermittelt.<\/p><\/div><a  class=\"x-btn x-btn-large\"  href=\"http:\/\/elsmanleadsoft.eu\/de\/kundenbeispiele\/\" title=\"Alle Kundenbeispiele\"    data-options=\"thumbnail: ''\">Alle Kundenbeispiele<\/a><hr  class=\"x-gap cs-hide-xl cs-hide-lg cs-hide-md\" style=\"margin: 50px 0 0 0;\"><\/div><div  class=\"x-column x-sm x-1-3\" style=\"padding: 0px;\" ><div  class=\"x-recent-posts cf man horizontal\"  data-x-element=\"recent_posts\" data-x-params=\"{&quot;fade&quot;:false}\" data-fade=\"false\" ><a class=\"x-recent-post1 with-image\" href=\"http:\/\/elsmanleadsoft.eu\/de\/portfolio-item\/7-verkauf-eines-familienbetriebs\/\" title=\"Permalink to: &quot;#7 Verkauf eines Familienbetriebs&quot;\"><article id=\"post-392\" class=\"post-392 x-portfolio type-x-portfolio status-publish has-post-thumbnail hentry portfolio-category-beratung x-portfolio-93be570f0b82a652b6b156e7f0e4bb5c\"><div class=\"entry-wrap\"><div class=\"x-recent-posts-img\" style=\"background-image: url(http:\/\/elsmanleadsoft.eu\/de\/wp-content\/uploads\/sites\/5\/case-foto-verkoop-familiebedrijf-900x600.png);\"><\/div><div class=\"x-recent-posts-content\"><h3 class=\"h-recent-posts\">#7 Verkauf eines Familienbetriebs<\/h3><span class=\"x-recent-posts-date\">1 maart 2016<\/span><\/div><\/div><\/article><\/a><\/div><div  class=\"x-recent-posts cf horizontal\" style=\"margin: 4% 0 0;\" data-x-element=\"recent_posts\" data-x-params=\"{&quot;fade&quot;:false}\" data-fade=\"false\" ><a class=\"x-recent-post2 with-image\" href=\"http:\/\/elsmanleadsoft.eu\/de\/portfolio-item\/6-durchstarten-mit-tomatenzucht\/\" title=\"Permalink to: &quot;#6 Durchstarten mit Tomatenzucht&quot;\"><article id=\"post-395\" class=\"post-395 x-portfolio type-x-portfolio status-publish has-post-thumbnail hentry portfolio-category-beratung x-portfolio-93be570f0b82a652b6b156e7f0e4bb5c\"><div class=\"entry-wrap\"><div class=\"x-recent-posts-img\" style=\"background-image: url(http:\/\/elsmanleadsoft.eu\/de\/wp-content\/uploads\/sites\/5\/case-foto-tomatenkweker-900x518.png);\"><\/div><div class=\"x-recent-posts-content\"><h3 class=\"h-recent-posts\">#6 Durchstarten mit Tomatenzucht<\/h3><span class=\"x-recent-posts-date\">1 februari 2016<\/span><\/div><\/div><\/article><\/a><a class=\"x-recent-post2 with-image\" href=\"http:\/\/elsmanleadsoft.eu\/de\/portfolio-item\/5-steigerung-des-bekanntheitsgrads-eines-rosenbetriebs\/\" title=\"Permalink to: &quot;#5 Steigerung des Bekanntheitsgrads eines Rosenbetriebs&quot;\"><article id=\"post-398\" class=\"post-398 x-portfolio type-x-portfolio status-publish has-post-thumbnail hentry portfolio-category-marketing x-portfolio-c769c2bd15500dd906102d9be97fdceb\"><div class=\"entry-wrap\"><div class=\"x-recent-posts-img\" style=\"background-image: url(http:\/\/elsmanleadsoft.eu\/de\/wp-content\/uploads\/sites\/5\/case-rozenkweker-1-862x482.jpg);\"><\/div><div class=\"x-recent-posts-content\"><h3 class=\"h-recent-posts\">#5 Steigerung des Bekanntheitsgrads eines Rosenbetriebs<\/h3><span class=\"x-recent-posts-date\">1 januari 2016<\/span><\/div><\/div><\/article><\/a><\/div><hr  class=\"x-gap cs-hide-xl cs-hide-lg cs-hide-md\" style=\"margin: 50px 0 0 0;\"><\/div><div  class=\"x-column x-sm x-1-3\" style=\"padding: 0px;\" ><div  class=\"x-recent-posts cf man horizontal\"  data-x-element=\"recent_posts\" data-x-params=\"{&quot;fade&quot;:false}\" data-fade=\"false\" ><a class=\"x-recent-post2 with-image\" href=\"http:\/\/elsmanleadsoft.eu\/de\/portfolio-item\/4-begleitung-der-bauphase-fur-gartencenter\/\" title=\"Permalink to: &quot;#4 Begleitung der Bauphase f\u00fcr Gartencenter&quot;\"><article id=\"post-400\" class=\"post-400 x-portfolio type-x-portfolio status-publish has-post-thumbnail hentry portfolio-category-begleitung-der-bauphase x-portfolio-3d472da8b6f602e70bff4e52e8c4b90e\"><div class=\"entry-wrap\"><div class=\"x-recent-posts-img\" style=\"background-image: url(http:\/\/elsmanleadsoft.eu\/de\/wp-content\/uploads\/sites\/5\/case-foto-xxl-tuincentrum_bewerkt.png);\"><\/div><div class=\"x-recent-posts-content\"><h3 class=\"h-recent-posts\">#4 Begleitung der Bauphase f\u00fcr Gartencenter<\/h3><span class=\"x-recent-posts-date\">1 december 2015<\/span><\/div><\/div><\/article><\/a><a class=\"x-recent-post2 with-image\" href=\"http:\/\/elsmanleadsoft.eu\/de\/portfolio-item\/3-sde-fordermittel-fur-holzpellets\/\" title=\"Permalink to: &quot;#3 SDE-F\u00f6rdermittel f\u00fcr Holzpellets&quot;\"><article id=\"post-402\" class=\"post-402 x-portfolio type-x-portfolio status-publish has-post-thumbnail hentry portfolio-category-begleitung-der-bauphase x-portfolio-3d472da8b6f602e70bff4e52e8c4b90e\"><div class=\"entry-wrap\"><div class=\"x-recent-posts-img\" style=\"background-image: url(http:\/\/elsmanleadsoft.eu\/de\/wp-content\/uploads\/sites\/5\/case-foto-SDE-900x675.png);\"><\/div><div class=\"x-recent-posts-content\"><h3 class=\"h-recent-posts\">#3 SDE-F\u00f6rdermittel f\u00fcr Holzpellets<\/h3><span class=\"x-recent-posts-date\">1 november 2015<\/span><\/div><\/div><\/article><\/a><\/div><div  class=\"x-recent-posts cf horizontal\" style=\"margin: 4% 0 0;\" data-x-element=\"recent_posts\" data-x-params=\"{&quot;fade&quot;:false}\" data-fade=\"false\" ><a class=\"x-recent-post1 with-image\" href=\"http:\/\/elsmanleadsoft.eu\/de\/portfolio-item\/2-entwicklung-eines-materialienkalkulators\/\" title=\"Permalink to: &quot;#2 Entwicklung eines Materialienkalkulators&quot;\"><article id=\"post-405\" class=\"post-405 x-portfolio type-x-portfolio status-publish has-post-thumbnail hentry portfolio-category-it-beratung x-portfolio-003df657364dffd297ad39d133969a8a\"><div class=\"entry-wrap\"><div class=\"x-recent-posts-img\" style=\"background-image: url(http:\/\/elsmanleadsoft.eu\/de\/wp-content\/uploads\/sites\/5\/case-foto-materialencalculator-900x675.png);\"><\/div><div class=\"x-recent-posts-content\"><h3 class=\"h-recent-posts\">#2 Entwicklung eines Materialienkalkulators<\/h3><span class=\"x-recent-posts-date\">1 oktober 2015<\/span><\/div><\/div><\/article><\/a><\/div><\/div><\/div><\/div><div id=\"x-section-4\"  class=\"x-section bg-pattern\"  style=\"margin: 0px;padding: 50px 0px; background-image: url(http:\/\/elsmanleadsoft.eu\/wp-content\/uploads\/bg-pattern.png); background-color: #02aed6;\"   data-x-element=\"section\" data-x-params=\"{&quot;type&quot;:&quot;pattern&quot;,&quot;parallax&quot;:false}\"><div  class=\"x-container max width\"  style=\"margin: 0px auto;padding: 0px;\"   ><div  class=\"x-column x-sm x-1-3\" style=\"padding: 0px;\" ><div  class=\"x-counter\" data-x-element=\"counter\" data-x-params=\"{&quot;numEnd&quot;:16,&quot;numSpeed&quot;:1500}\" style=\"color: #333333;\"><div class=\"number-wrap w-h\" style=\"color: #ffffff;\"><span class=\"number\">0<\/span><\/div><span class=\"text-below\" style=\"color: #333333;\">Berater<\/span><\/div><hr  class=\"x-gap cs-hide-xl cs-hide-lg cs-hide-md\" style=\"margin: 50px 0 0 0;\"><\/div><div  class=\"x-column x-sm x-1-3\" style=\"padding: 0px;\" ><div  class=\"x-counter\" data-x-element=\"counter\" data-x-params=\"{&quot;numEnd&quot;:700,&quot;numSpeed&quot;:1500}\" style=\"color: #333333;\"><div class=\"number-wrap w-h\" style=\"color: #ffffff;\"><span class=\"number\">0<\/span><span class=\"suffix\">+<\/span><\/div><span class=\"text-below\" style=\"color: #333333;\">Zufriedene Kunden<\/span><\/div><hr  class=\"x-gap cs-hide-xl cs-hide-lg cs-hide-md\" style=\"margin: 50px 0 0 0;\"><\/div><div  class=\"x-column x-sm x-1-3\" style=\"padding: 0px;\" ><div  class=\"x-counter\" data-x-element=\"counter\" data-x-params=\"{&quot;numEnd&quot;:24,&quot;numSpeed&quot;:1500}\" style=\"color: #333333;\"><div class=\"number-wrap w-h\" style=\"color: #ffffff;\"><span class=\"number\">0<\/span><\/div><span class=\"text-below\" style=\"color: #333333;\">Zufriedene Kunden<\/span><\/div><\/div><\/div><\/div><div id=\"x-section-5\"  class=\"x-section bg-image parallax\"  style=\"margin: 0px;padding: 100px 0px; background-image: url(http:\/\/elsmanleadsoft.eu\/wp-content\/uploads\/Afbeelding-homepage.jpg); background-color: #9b9686;\"   data-x-element=\"section\" data-x-params=\"{&quot;type&quot;:&quot;image&quot;,&quot;parallax&quot;:true}\"><div  class=\"x-container max width\"  style=\"margin: 0px auto;padding: 0px;\"   ><div  class=\"x-column x-sm x-1-1\" style=\"padding: 0px;\" ><hr  class=\"x-gap\" style=\"margin: 25% 0 0 0;\"><div  class=\"x-text cs-ta-center\"    ><h2 style=\"color: #ffffff;\">Unsere Mission: Betrieben, Unternehmern und Mitarbeitern helfen, erfolgreich zu sein!<\/h2>\n<\/div><\/div><\/div><\/div><div id=\"x-section-6\"  class=\"x-section cs-ta-center\"  style=\"margin: 0px;padding: 50px 0px; background-color: transparent;\"   ><div  class=\"x-container cs-ta-center max width\"  style=\"margin: 0px auto;padding: 0px;\"   ><div  class=\"x-column x-sm x-1-4\" style=\"padding: 0px;\" ><img  class=\"x-img man x-img-none\"  src=\"http:\/\/elsmanleadsoft.eu\/wp-content\/uploads\/International_300dpi_PNG_transp.png\" alt=\"Logo\"><hr  class=\"x-gap cs-hide-xl cs-hide-lg cs-hide-md\" style=\"margin: 50px 0 0 0;\"><\/div><div  class=\"x-column x-sm x-1-4\" style=\"padding: 0px;\" ><img  class=\"x-img man x-img-none\"  src=\"http:\/\/elsmanleadsoft.eu\/wp-content\/uploads\/Marketing_300dpi_PNG_transp.png\" alt=\"Logo\"><hr  class=\"x-gap cs-hide-xl cs-hide-lg cs-hide-md\" style=\"margin: 50px 0 0 0;\"><\/div><div  class=\"x-column x-sm x-1-4\" style=\"padding: 0px;\" ><img  class=\"x-img man x-img-none\"  src=\"http:\/\/elsmanleadsoft.eu\/wp-content\/uploads\/Bouw_300dpi_PNG_transp.png\" alt=\"Logo\"><hr  class=\"x-gap cs-hide-xl cs-hide-lg cs-hide-md\" style=\"margin: 50px 0 0 0;\"><\/div><div  class=\"x-column x-sm x-1-4\" style=\"padding: 0px;\" ><img  class=\"x-img man x-img-none\"  src=\"http:\/\/elsmanleadsoft.eu\/wp-content\/uploads\/ITSolutions_300dpi_PGN_transp.png\" alt=\"Logo\"><hr  class=\"x-gap cs-hide-xl cs-hide-lg cs-hide-md\" style=\"margin: 50px 0 0 0;\"><\/div><\/div><\/div><div id=\"x-section-7\"  class=\"x-section\"  style=\"margin: 0px;padding: 0 0px; background-color: transparent;\"   ><div  class=\"x-container\"  style=\"margin: 0px auto;padding: 0px;\"   ><div  class=\"x-column x-sm x-1-1\" style=\"padding: 0px;\" ><a  class=\"x-creative-cta slide-right\" href=\"http:\/\/elsmanleadsoft.eu\/de\/kontakt\/\" style=\"padding: 65px 50px 65px 50px; color: #ffffff; background-color: #02aed6;\" data-x-element=\"creative_cta\" data-x-params=\"{&quot;animation&quot;:&quot; slide-right&quot;,&quot;bg_color&quot;:&quot;#02aed6&quot;,&quot;bg_color_hover&quot;:&quot;#02aed6&quot;}\"><span class=\"text\" style=\"font-size: 45px;\">Unser Motto: Lassen Sie Tr\u00e4ume zu, denn nichts ist unm\u00f6glich!<\/span><span class=\"graphic\"><i style=\"margin: 0; font-size: 75px;\" class=\"x-icon-arrow-right\" data-x-icon=\"&#xf061;\"><\/i><\/span><\/a><\/div><\/div><\/div><div id=\"x-section-8\"  class=\"x-section dark-section bg-image parallax\"  style=\"margin: 0px;padding: 50px 0px; background-image: url(http:\/\/elsmanleadsoft.eu\/wp-content\/uploads\/bg-office-01.jpg); background-color: #27292a;\"   data-x-element=\"section\" data-x-params=\"{&quot;type&quot;:&quot;image&quot;,&quot;parallax&quot;:true}\"><div  class=\"x-container max width\"  style=\"margin: 0px auto;padding: 0px;\"   ><div  class=\"x-column x-sm x-3-5\" style=\"padding: 10px; background-color:#595959;\" ><div  class=\"x-map embed with-container\" ><div class=\"x-map-inner\"><iframe src=\"https:\/\/www.google.com\/maps\/embed?pb=!1m18!1m12!1m3!1d2474.210924825552!2d5.053191915929633!3d51.67428210630825!2m3!1f0!2f0!3f0!3m2!1i1024!2i768!4f13.1!3m3!1m2!1s0x47c691593a513b9b%3A0xcda5fc4056dc1d9f!2sProfessor%20Lorentzweg%208%2C%205144%20NP%20Waalwijk!5e0!3m2!1snl!2snl!4v1652435561301!5m2!1snl!2snl\" width=\"600\" height=\"450\" style=\"border:0;\" allowfullscreen=\"\" loading=\"lazy\" referrerpolicy=\"no-referrer-when-downgrade\"><\/iframe><\/div><\/div><\/div><div  class=\"x-column x-sm x-2-5\" style=\"padding: 0px;\" ><hr  class=\"x-gap\" style=\"margin: 50px 0 0 0;\"><h2  class=\"h-custom-headline man h3\" ><span>Anschrift<\/span><\/h2><div  class=\"x-raw-content mts\" style=\"color: #fff;\"><p class=\"man\">Prof. Lorentzweg 8-<br \/>\n5144 NP Waalwijk<br \/> Niederlande<\/p><\/div><hr  class=\"x-gap\" style=\"margin: 50px 0 0 0;\"><h2  class=\"h-custom-headline man h3\" ><span>Telefon<\/span><\/h2><div  class=\"x-raw-content mts\" style=\"color: #fff;\"><p class=\"man\">+31 (0)73 511 7175<\/p><\/div><hr  class=\"x-gap\" style=\"margin: 50px 0 0 0;\"><h2  class=\"h-custom-headline man h3\" ><span>E-mail<\/span><\/h2><div  class=\"x-raw-content mts\" style=\"color: #fff;\"><p class=\"man\">info@elsman.eu<\/p><\/div><\/div><\/div><\/div><\/div>\n","protected":false},"excerpt":{"rendered":"","protected":false},"author":3,"featured_media":0,"parent":0,"menu_order":0,"comment_status":"closed","ping_status":"closed","template":"template-blank-4.php","meta":[],"_links":{"self":[{"href":"http:\/\/elsmanleadsoft.eu\/de\/wp-json\/wp\/v2\/pages\/49"}],"collection":[{"href":"http:\/\/elsmanleadsoft.eu\/de\/wp-json\/wp\/v2\/pages"}],"about":[{"href":"http:\/\/elsmanleadsoft.eu\/de\/wp-json\/wp\/v2\/types\/page"}],"author":[{"embeddable":true,"href":"http:\/\/elsmanleadsoft.eu\/de\/wp-json\/wp\/v2\/users\/3"}],"replies":[{"embeddable":true,"href":"http:\/\/elsmanleadsoft.eu\/de\/wp-json\/wp\/v2\/comments?post=49"}],"version-history":[{"count":9,"href":"http:\/\/elsmanleadsoft.eu\/de\/wp-json\/wp\/v2\/pages\/49\/revisions"}],"predecessor-version":[{"id":450,"href":"http:\/\/elsmanleadsoft.eu\/de\/wp-json\/wp\/v2\/pages\/49\/revisions\/450"}],"wp:attachment":[{"href":"http:\/\/elsmanleadsoft.eu\/de\/wp-json\/wp\/v2\/media?parent=49"}],"curies":[{"name":"wp","href":"https:\/\/api.w.org\/{rel}","templated":true}]}}