{"id":86,"date":"2015-06-06T12:36:57","date_gmt":"2015-06-06T10:36:57","guid":{"rendered":"http:\/\/elsmanleadsoft.eu\/?page_id=86"},"modified":"2016-07-05T16:48:04","modified_gmt":"2016-07-05T14:48:04","slug":"uber-uns","status":"publish","type":"page","link":"http:\/\/elsmanleadsoft.eu\/de\/uber-uns\/","title":{"rendered":"\u00dcber uns"},"content":{"rendered":"<div id=\"cs-content\" class=\"cs-content\"><div id=\"x-section-1\"  class=\"x-section cs-ta-center bg-pattern\"  style=\"margin: 35px 0px 0px;padding: 50px 0px; background-image: url(http:\/\/elsmanleadsoft.eu\/wp-content\/uploads\/bg-pattern-1.png); background-color: transparent;\"   data-x-element=\"section\" data-x-params=\"{&quot;type&quot;:&quot;pattern&quot;,&quot;parallax&quot;:false}\"><div  class=\"x-container max width\"  style=\"margin: 0px auto;padding: 0px;\"   ><div  class=\"x-column x-sm x-1-1\" style=\"padding: 0px;\" ><h2  class=\"h-custom-headline man h2\" style=\"color: hsl(0, 0%, 100%);\"><span>Wir denken anders, und das f\u00fchrt zu \u00fcberraschenden Erkenntnissen und L\u00f6sungen.<\/span><\/h2><\/div><\/div><\/div><div id=\"x-section-2\"  class=\"x-section bg-image parallax\"  style=\"margin: 0px;padding: 100px 0px; background-image: url(http:\/\/elsmanleadsoft.eu\/wp-content\/uploads\/bg-team-01-1.jpg); background-color: transparent;\"   data-x-element=\"section\" data-x-params=\"{&quot;type&quot;:&quot;image&quot;,&quot;parallax&quot;:true}\"><div  class=\"x-container max width\"  style=\"margin: 0px auto;padding: 0px;\"   ><div  class=\"x-column x-sm x-1-1\" style=\"padding: 0px;\" ><hr  class=\"x-gap\" style=\"margin: 25% 0 0 0;\"><\/div><\/div><\/div><div id=\"x-section-3\"  class=\"x-section cs-ta-center\"  style=\"margin: 0px;padding: 100px 0px; background-color: transparent;\"   ><div  class=\"x-container max width\"  style=\"margin: 0px auto;padding: 0px 5%;\"   ><div  class=\"x-column x-sm x-1-1\" style=\"padding: 0px;\" ><h2  class=\"h-custom-headline cs-ta-center man h2\" ><span>Wer sind wir<\/span><\/h2><div  class=\"x-raw-content mtm\" ><p class=\"man\">Wir sind ein Beratungsunternehmen, das sich auf den Gartenbau in Gew\u00e4chsh\u00e4usern mit Kunden in \u00fcber 24 L\u00e4ndern spezialisiert hat.<br> \nWir wollen Betrieben, Unternehmern und Mitarbeitern helfen, erfolgreich zu sein \u2012 das ist unsere Mission, die unser Herz h\u00f6her schlagen l\u00e4sst. Wir sind jedoch kein durchschnittliches Beratungsunternehmen. Alle unsere Berater verf\u00fcgen \u00fcber ihre eigenen spezifischen Kenntnisse und Qualit\u00e4ten. Dennoch gibt es einen gemeinsamen Nenner, und zwar unsere gemeinsamen Unternehmenswerte:\n<\/p><\/div><\/div><\/div><div  class=\"x-container max width\"  style=\"margin: 50px auto 0px;padding: 0px;\"   ><div  class=\"x-column x-sm x-1-4\" style=\"padding: 0px;\" ><div  class=\"x-feature-box man center-text top-text cf\" style=\" max-width: none;\" data-x-element=\"feature_box\" data-x-params=\"{&quot;child&quot;:false,&quot;graphicAnimation&quot;:&quot;zoomIn&quot;,&quot;graphicAnimationOffset&quot;:&quot;65&quot;,&quot;graphicAnimationDelay&quot;:&quot;0&quot;}\"><div class=\"x-feature-box-graphic rounded\"><div class=\"x-feature-box-graphic-outer rounded animated-hide\" style=\"\"><div class=\"x-feature-box-graphic-inner rounded\" style=\"font-size: 130px;\"><img class=\"rounded\" src=\"http:\/\/elsmanleadsoft.eu\/wp-content\/uploads\/Icoon-R.png\" style=\"margin: 0 auto;\"><\/div><\/div><\/div><div class=\"x-feature-box-content\"><h4 class=\"x-feature-box-title\">Ergebnisorientiert<\/h4><p class=\"x-feature-box-text\"><\/p><\/div><\/div><\/div><div  class=\"x-column x-sm x-1-4\" style=\"padding: 0px;\" ><div  class=\"x-feature-box man center-text top-text cf\" style=\" max-width: none;\" data-x-element=\"feature_box\" data-x-params=\"{&quot;child&quot;:false,&quot;graphicAnimation&quot;:&quot;zoomIn&quot;,&quot;graphicAnimationOffset&quot;:&quot;65&quot;,&quot;graphicAnimationDelay&quot;:&quot;500&quot;}\"><div class=\"x-feature-box-graphic rounded\"><div class=\"x-feature-box-graphic-outer rounded animated-hide\" style=\"\"><div class=\"x-feature-box-graphic-inner rounded\" style=\"font-size: 130px;\"><img class=\"rounded\" src=\"http:\/\/elsmanleadsoft.eu\/wp-content\/uploads\/Icoon-A.png\" style=\"margin: 0 auto;\"><\/div><\/div><\/div><div class=\"x-feature-box-content\"><h4 class=\"x-feature-box-title\">Andersdenkend<\/h4><p class=\"x-feature-box-text\"><\/p><\/div><\/div><\/div><div  class=\"x-column x-sm x-1-4\" style=\"padding: 0px;\" ><div  class=\"x-feature-box man center-text top-text cf\" style=\" max-width: none;\" data-x-element=\"feature_box\" data-x-params=\"{&quot;child&quot;:false,&quot;graphicAnimation&quot;:&quot;zoomIn&quot;,&quot;graphicAnimationOffset&quot;:&quot;65&quot;,&quot;graphicAnimationDelay&quot;:&quot;1000&quot;}\"><div class=\"x-feature-box-graphic rounded\"><div class=\"x-feature-box-graphic-outer rounded animated-hide\" style=\"\"><div class=\"x-feature-box-graphic-inner rounded\" style=\"font-size: 130px;\"><img class=\"rounded\" src=\"http:\/\/elsmanleadsoft.eu\/wp-content\/uploads\/Icoon-P.png\" style=\"margin: 0 auto;\"><\/div><\/div><\/div><div class=\"x-feature-box-content\"><h4 class=\"x-feature-box-title\">Proaktiv<\/h4><p class=\"x-feature-box-text\"><\/p><\/div><\/div><\/div><div  class=\"x-column x-sm x-1-4\" style=\"padding: 0px;\" ><div  class=\"x-feature-box man center-text top-text cf\" style=\" max-width: none;\" data-x-element=\"feature_box\" data-x-params=\"{&quot;child&quot;:false,&quot;graphicAnimation&quot;:&quot;zoomIn&quot;,&quot;graphicAnimationOffset&quot;:&quot;65&quot;,&quot;graphicAnimationDelay&quot;:&quot;1500&quot;}\"><div class=\"x-feature-box-graphic rounded\"><div class=\"x-feature-box-graphic-outer rounded animated-hide\" style=\"\"><div class=\"x-feature-box-graphic-inner rounded\" style=\"font-size: 130px;\"><img class=\"rounded\" src=\"http:\/\/elsmanleadsoft.eu\/wp-content\/uploads\/Icoon-P.png\" style=\"margin: 0 auto;\"><\/div><\/div><\/div><div class=\"x-feature-box-content\"><h4 class=\"x-feature-box-title\">Pragmatisch<\/h4><p class=\"x-feature-box-text\"><\/p><\/div><\/div><\/div><\/div><\/div><div id=\"x-section-4\"  class=\"x-section bg-image parallax\"  style=\"margin: 0px;padding: 0px; background-image: url(http:\/\/elsmanleadsoft.eu\/wp-content\/uploads\/bg-services-01-1.jpg); background-color: transparent;\"   data-x-element=\"section\" data-x-params=\"{&quot;type&quot;:&quot;image&quot;,&quot;parallax&quot;:true}\"><div  class=\"x-container marginless-columns\"  style=\"margin: 0px auto;padding: 0px;\"   ><div  class=\"x-column x-sm cs-ta-right x-1-2\" style=\"padding: 6.5%;\" ><i  class=\"x-icon x-icon-line-chart\" style=\"text-align: center;      display: inline-block;width: 3em;height: 3em;border: 4px solid;font-size: 2.5em;line-height: 2.875em;text-align: center;color: #02aed6;border-radius: 100em;\" data-x-icon=\"&#xf201;\" aria-hidden=\"true\"><\/i><h3  class=\"h-custom-headline h3\" style=\"color: hsl(0, 0%, 100%);\"><span>Beratung<\/span><\/h3><div  class=\"x-raw-content\" style=\"color: rgba(255, 255, 255, 0.35);\"><p class=\"man\">Beratung im Bereich Finanzen, Strategie,<br> Personal & Organisation sowie r\u00e4umliche Ordnung.<\/p><\/div><\/div><div  class=\"x-column x-sm x-1-2\" style=\"padding: 6.5%; background-color:rgb(38, 42, 45);\" ><i  class=\"x-icon x-icon-comments\" style=\"text-align: center;      display: inline-block;width: 3em;height: 3em;border: 4px solid;font-size: 2.5em;line-height: 2.875em;text-align: center;color: #02aed6;border-radius: 100em;\" data-x-icon=\"&#xf086;\" aria-hidden=\"true\"><\/i><h3  class=\"h-custom-headline h3\" style=\"color: hsl(0, 0%, 100%);\"><span>Marketing<\/span><\/h3><div  class=\"x-raw-content\" style=\"color: rgba(255, 255, 255, 0.35);\"><p class=\"man\">Profilieren, positionieren sowie <br>Produkte, Services und Ideen erfolgreich vermarkten.<\/p><\/div><\/div><\/div><\/div><div id=\"x-section-5\"  class=\"x-section bg-image parallax\"  style=\"margin: 0px;padding: 0px; background-image: url(http:\/\/elsmanleadsoft.eu\/wp-content\/uploads\/bg-services-02-1.jpg); background-color: transparent;\"   data-x-element=\"section\" data-x-params=\"{&quot;type&quot;:&quot;image&quot;,&quot;parallax&quot;:true}\"><div  class=\"x-container marginless-columns\"  style=\"margin: 0px auto;padding: 0px;\"   ><div  class=\"x-column x-sm cs-ta-right x-1-2\" style=\"padding: 6.5%; background-color:rgb(63, 64, 66);\" ><i  class=\"x-icon x-icon-building-o\" style=\"text-align: center;      display: inline-block;width: 3em;height: 3em;border: 4px solid;font-size: 2.5em;line-height: 2.875em;text-align: center;color: #02aed6;border-radius: 100em;\" data-x-icon=\"&#xf0f7;\" aria-hidden=\"true\"><\/i><h3  class=\"h-custom-headline h3\" style=\"color: hsl(0, 0%, 100%);\"><span>Begleitung der Bauphase<\/span><\/h3><div  class=\"x-raw-content\" style=\"color: rgba(255, 255, 255, 0.35);\"><p class=\"man\">Begleitung und Unterst\u00fctzung bei der Realisierung von Bauprojekten.<\/p><\/div><\/div><div  class=\"x-column x-sm x-1-2\" style=\"padding: 6.5%; background-color:hsla(206, 8%, 16%, 0);\" ><i  class=\"x-icon x-icon-laptop\" style=\"text-align: center;      display: inline-block;width: 3em;height: 3em;border: 4px solid;font-size: 2.5em;line-height: 2.875em;text-align: center;color: #02aed6;border-radius: 100em;\" data-x-icon=\"&#xf109;\" aria-hidden=\"true\"><\/i><h3  class=\"h-custom-headline h3\" style=\"color: hsl(0, 0%, 100%);\"><span>IT-Beratung<\/span><\/h3><div  class=\"x-raw-content\" style=\"color: rgba(255, 255, 255, 0.35);\"><p class=\"man\">Entwicklung neuer IT-L\u00f6sungen und Optimierung bestehender IT-L\u00f6sungen.<\/p><\/div><\/div><\/div><\/div><div id=\"x-section-6\"  class=\"x-section\"  style=\"margin: 0px;padding: 100px 0px; background-color: transparent;\"   ><div  class=\"x-container max width\"  style=\"margin: 0px auto;padding: 0px;\"   ><div  class=\"x-column x-sm x-1-1\" style=\"padding: 0px;\" ><h2  class=\"h-custom-headline cs-ta-center man h2\" ><span>Unser Ansatz<\/span><\/h2><\/div><\/div><div  class=\"x-container max width\"  style=\"margin: 50px auto 0px;padding: 0px;\"   ><div  class=\"x-column x-sm x-1-3\" style=\"padding: 0px;\" ><div  class=\"x-raw-content\" ><p style=\"text-align: justify\"><span  class=\"x-dropcap\" >1<\/span> <strong>Ma\u00dfgeschneiderte L\u00f6sungen<\/strong><br>Jedes Unternehmen und jedes Problem erfordert seine eigene, spezifische L\u00f6sung. Wir sind der Auffassung, dass eine optimale Beratung per definitionem Ma\u00dfarbeit ist. Mit anderen Worten: Wir glauben nicht an Standardl\u00f6sungen. Aber das bedeutet nat\u00fcrlich nicht, dass wir jedes Mal das Rad neu erfinden. Schlie\u00dflich stehen Ihnen unsere Berater mit ihren umfassenden Erfahrungen und Kenntnissen zur Verf\u00fcgung.<\/p><\/div><hr  class=\"x-gap\" style=\"margin: 50px 0 0 0;\"><\/div><div  class=\"x-column x-sm x-1-3\" style=\"padding: 0px;\" ><div  class=\"x-raw-content\" ><p style=\"text-align: justify\"><span  class=\"x-dropcap\" >2<\/span> <strong>Teamplayer <\/strong><br>\nWir von der Elsman Group bilden ein einziges Team. Wir arbeiten \u00fcber Abteilungsgrenzen und Gesch\u00e4ftseinheiten hinweg zusammen. So lautet unser gemeinsames Ziel dann auch: Betrieben, Unternehmern und Mitarbeitern helfen, erfolgreich zu sein. Wir sind ergebnisorientierte Teamplayer, f\u00fcr die immer nur die beste L\u00f6sung z\u00e4hlt.\n<\/p>\n<\/div><hr  class=\"x-gap\" style=\"margin: 50px 0 0 0;\"><\/div><div  class=\"x-column x-sm x-1-3\" style=\"padding: 0px;\" ><div  class=\"x-raw-content\" ><p style=\"text-align: justify\"><span  class=\"x-dropcap\" >3<\/span> <strong>Mitdenker, keine Nachbeter <\/strong><br>\nWir sind Mitdenker, keine Nachbeter. Wir sagen, was wir denken, und wir bringen dort Kritik an, wo es uns notwendig erscheint. Manchmal konfrontierend und ein bisschen eigenwillig.\n<\/p>\n<\/div><hr  class=\"x-gap\" style=\"margin: 50px 0 0 0;\"><\/div><\/div><\/div><div id=\"x-section-7\"  class=\"x-section bg-image parallax\"  style=\"margin: 0px;padding: 100px 0px; background-image: url(http:\/\/elsmanleadsoft.eu\/wp-content\/uploads\/bg-team-02.jpg); background-color: transparent;\"   data-x-element=\"section\" data-x-params=\"{&quot;type&quot;:&quot;image&quot;,&quot;parallax&quot;:true}\"><div  class=\"x-container max width\"  style=\"margin: 0px auto;padding: 0px;\"   ><div  class=\"x-column x-sm x-1-1\" style=\"padding: 0px;\" ><hr  class=\"x-gap cs-hide-xl cs-hide-lg cs-hide-md cs-hide-sm cs-hide-xs\" style=\"margin: 25% 0 0 0;\"><\/div><\/div><\/div><div id=\"x-section-8\"  class=\"x-section\"  style=\"margin: 0px;padding: 0px; background-color: transparent;\"   ><div  class=\"x-container\"  style=\"margin: 0px auto;padding: 0px;\"   ><div  class=\"x-column x-sm x-1-1\" style=\"padding: 0px;\" ><a  class=\"x-creative-cta slide-top\" href=\"http:\/\/elsmanleadsoft.eu\/de\/kontakt\/\" style=\"padding: 65px 50px 65px 50px; color: #ffffff; background-color: rgb(2, 174, 214);\" data-x-element=\"creative_cta\" data-x-params=\"{&quot;animation&quot;:&quot; slide-top&quot;,&quot;bg_color&quot;:&quot;rgb(2, 174, 214)&quot;,&quot;bg_color_hover&quot;:&quot;rgb(2, 174, 214)&quot;}\"><span class=\"text\" style=\"font-size: 43px;\">M\u00f6chten Sie gern wissen, was wir f\u00fcr Sie tun k\u00f6nnen? <br> Bitte klicken Sie hier, oder rufen Sie uns an unter +31 (0)73 - 511 71 75<\/span><span class=\"graphic\"><i style=\"margin: 0; font-size: 48px;\" class=\"x-icon-arrow-right\" data-x-icon=\"&#xf061;\"><\/i><\/span><\/a><\/div><\/div><\/div><\/div>\n","protected":false},"excerpt":{"rendered":"","protected":false},"author":3,"featured_media":0,"parent":0,"menu_order":0,"comment_status":"closed","ping_status":"closed","template":"template-blank-4.php","meta":[],"_links":{"self":[{"href":"http:\/\/elsmanleadsoft.eu\/de\/wp-json\/wp\/v2\/pages\/86"}],"collection":[{"href":"http:\/\/elsmanleadsoft.eu\/de\/wp-json\/wp\/v2\/pages"}],"about":[{"href":"http:\/\/elsmanleadsoft.eu\/de\/wp-json\/wp\/v2\/types\/page"}],"author":[{"embeddable":true,"href":"http:\/\/elsmanleadsoft.eu\/de\/wp-json\/wp\/v2\/users\/3"}],"replies":[{"embeddable":true,"href":"http:\/\/elsmanleadsoft.eu\/de\/wp-json\/wp\/v2\/comments?post=86"}],"version-history":[{"count":4,"href":"http:\/\/elsmanleadsoft.eu\/de\/wp-json\/wp\/v2\/pages\/86\/revisions"}],"predecessor-version":[{"id":384,"href":"http:\/\/elsmanleadsoft.eu\/de\/wp-json\/wp\/v2\/pages\/86\/revisions\/384"}],"wp:attachment":[{"href":"http:\/\/elsmanleadsoft.eu\/de\/wp-json\/wp\/v2\/media?parent=86"}],"curies":[{"name":"wp","href":"https:\/\/api.w.org\/{rel}","templated":true}]}}